{"id":5,"date":"2025-12-16T05:27:54","date_gmt":"2025-12-16T05:27:54","guid":{"rendered":"https:\/\/patronmiranevdenevenakliyat.com.tr\/?page_id=5"},"modified":"2025-12-16T05:45:01","modified_gmt":"2025-12-16T05:45:01","slug":"evden-eve-nakliyat","status":"publish","type":"page","link":"https:\/\/patronmiranevdenevenakliyat.com.tr\/","title":{"rendered":"Evden Eve Nakliyat"},"content":{"rendered":"\n<div class=\"wp-block-group alignfull is-style-section-5 has-global-padding is-layout-constrained wp-block-group-is-layout-constrained is-style-section-5--1\" style=\"margin-top:0;margin-bottom:0;padding-top:var(--wp--preset--spacing--80);padding-bottom:var(--wp--preset--spacing--80)\">\n<div class=\"wp-block-columns alignwide is-layout-flex wp-container-core-columns-is-layout-66fad18a wp-block-columns-is-layout-flex\">\n<div class=\"wp-block-column is-layout-flow wp-block-column-is-layout-flow\" style=\"padding-right:var(--wp--preset--spacing--50);flex-basis:45%\">\n<figure class=\"wp-block-image size-full\"><img loading=\"lazy\" decoding=\"async\" width=\"1014\" height=\"800\" src=\"https:\/\/patronmiranevdenevenakliyat.com.tr\/wp-content\/uploads\/2025\/12\/patron-miran-evden-eve.webp\" alt=\"\" class=\"wp-image-7\" srcset=\"https:\/\/patronmiranevdenevenakliyat.com.tr\/wp-content\/uploads\/2025\/12\/patron-miran-evden-eve.webp 1014w, https:\/\/patronmiranevdenevenakliyat.com.tr\/wp-content\/uploads\/2025\/12\/patron-miran-evden-eve-300x237.webp 300w, https:\/\/patronmiranevdenevenakliyat.com.tr\/wp-content\/uploads\/2025\/12\/patron-miran-evden-eve-768x606.webp 768w\" sizes=\"auto, (max-width: 1014px) 100vw, 1014px\" \/><\/figure>\n\n\n\n<div class=\"wp-block-group has-global-padding is-layout-constrained wp-block-group-is-layout-constrained\" style=\"margin-top:-12vw\"><\/div>\n<\/div>\n\n\n\n<div class=\"wp-block-column is-vertically-aligned-center is-layout-flow wp-block-column-is-layout-flow\" style=\"padding-right:0;padding-left:0;flex-basis:50%\">\n<div class=\"wp-block-group is-vertical is-layout-flex wp-container-core-group-is-layout-fe9cc265 wp-block-group-is-layout-flex\">\n<h2 class=\"wp-block-heading is-style-text-display has-x-large-font-size is-style-text-display--2\">Patron Miran Evden Eve Nakliyat<\/h2>\n<\/div>\n\n\n\n<p class=\"is-style-text-subtitle is-style-text-subtitle--3\">\u0130stanbul da evden eve nakliyat hizmetimiz, e\u015fyalar\u0131n\u0131z\u0131 g\u00fcvenle, h\u0131zl\u0131 ve profesyonel \u015fekilde yeni adresinize ta\u015f\u0131yarak ta\u015f\u0131nma s\u00fcrecinizi zahmetsiz hale getirir.<\/p>\n<\/div>\n<\/div>\n<\/div>\n\n\n\n<div class=\"wp-block-group alignfull has-global-padding is-layout-constrained wp-container-core-group-is-layout-0c9c989a wp-block-group-is-layout-constrained\" style=\"min-height:0vh;margin-top:0;margin-bottom:0;padding-top:var(--wp--preset--spacing--70);padding-right:var(--wp--preset--spacing--40);padding-bottom:var(--wp--preset--spacing--70);padding-left:var(--wp--preset--spacing--40)\">\n<div class=\"wp-block-group has-global-padding is-layout-constrained wp-container-core-group-is-layout-346627ba wp-block-group-is-layout-constrained\">\n<h2 class=\"wp-block-heading has-text-align-center has-xx-large-font-size\" style=\"margin-right:0;margin-left:0;padding-right:0;padding-left:0\">Profesyonel Ev Ta\u015f\u0131ma<\/h2>\n\n\n\n<p class=\"has-text-align-center\">Profesyonel ev ta\u015f\u0131ma hizmetimizle e\u015fyalar\u0131n\u0131z g\u00fcvenle paketlenir, zaman\u0131nda ta\u015f\u0131n\u0131r ve yeni hayat\u0131n\u0131za stressiz ba\u015flang\u0131\u00e7 yapars\u0131n\u0131z, kalite ve m\u00fc\u015fteri memnuniyeti sunar.<\/p>\n\n\n\n<div class=\"wp-block-buttons is-content-justification-center is-layout-flex wp-container-core-buttons-is-layout-a89b3969 wp-block-buttons-is-layout-flex\">\n<div class=\"wp-block-button\"><a class=\"wp-block-button__link wp-element-button\">Hemen Aray\u0131n<\/a><\/div>\n<\/div>\n<\/div>\n<\/div>\n\n\n\n<div class=\"wp-block-group alignfull has-global-padding is-layout-constrained wp-container-core-group-is-layout-ebee8dc1 wp-block-group-is-layout-constrained\" style=\"margin-top:0;margin-bottom:0;padding-top:var(--wp--preset--spacing--50);padding-bottom:var(--wp--preset--spacing--50)\">\n<h2 class=\"wp-block-heading alignwide\">Hizmetlerimiz<\/h2>\n\n\n\n<div class=\"wp-block-columns alignwide is-layout-flex wp-container-core-columns-is-layout-28f84493 wp-block-columns-is-layout-flex\">\n<div class=\"wp-block-column is-layout-flow wp-block-column-is-layout-flow\">\n<figure class=\"wp-block-image size-full\" style=\"margin-bottom:24px\"><img loading=\"lazy\" decoding=\"async\" width=\"768\" height=\"512\" src=\"https:\/\/patronmiranevdenevenakliyat.com.tr\/wp-content\/uploads\/2025\/12\/sakarya-evden-eve-nakliyat-_5_-768x512-1.webp\" alt=\"\" class=\"wp-image-14\" style=\"aspect-ratio:4\/3;object-fit:cover\" srcset=\"https:\/\/patronmiranevdenevenakliyat.com.tr\/wp-content\/uploads\/2025\/12\/sakarya-evden-eve-nakliyat-_5_-768x512-1.webp 768w, https:\/\/patronmiranevdenevenakliyat.com.tr\/wp-content\/uploads\/2025\/12\/sakarya-evden-eve-nakliyat-_5_-768x512-1-300x200.webp 300w\" sizes=\"auto, (max-width: 768px) 100vw, 768px\" \/><\/figure>\n\n\n\n<h3 class=\"wp-block-heading\">\u015eehiri\u00e7i Evden eve<\/h3>\n\n\n\n<p class=\"has-medium-font-size\">\u015eehiri\u00e7i evden eve ta\u015f\u0131mada e\u015fyalar\u0131n\u0131z\u0131 g\u00fcvenle paketler, h\u0131zl\u0131 ve \u00f6zenle yeni adresinize ula\u015ft\u0131r\u0131r\u0131z.<\/p>\n<\/div>\n\n\n\n<div class=\"wp-block-column is-layout-flow wp-block-column-is-layout-flow\">\n<figure class=\"wp-block-image size-full\" style=\"margin-bottom:24px\"><img loading=\"lazy\" decoding=\"async\" width=\"1268\" height=\"470\" src=\"https:\/\/patronmiranevdenevenakliyat.com.tr\/wp-content\/uploads\/2025\/12\/balikesir-evden-eve-nakliyat.webp\" alt=\"\" class=\"wp-image-15\" style=\"aspect-ratio:4\/3;object-fit:cover\" srcset=\"https:\/\/patronmiranevdenevenakliyat.com.tr\/wp-content\/uploads\/2025\/12\/balikesir-evden-eve-nakliyat.webp 1268w, https:\/\/patronmiranevdenevenakliyat.com.tr\/wp-content\/uploads\/2025\/12\/balikesir-evden-eve-nakliyat-300x111.webp 300w, https:\/\/patronmiranevdenevenakliyat.com.tr\/wp-content\/uploads\/2025\/12\/balikesir-evden-eve-nakliyat-1024x380.webp 1024w, https:\/\/patronmiranevdenevenakliyat.com.tr\/wp-content\/uploads\/2025\/12\/balikesir-evden-eve-nakliyat-768x285.webp 768w\" sizes=\"auto, (max-width: 1268px) 100vw, 1268px\" \/><\/figure>\n\n\n\n<h3 class=\"wp-block-heading\">\u015eehirler Aras\u0131 Evden Eve<\/h3>\n\n\n\n<p class=\"has-medium-font-size\">\u015eehirler aras\u0131 evden eve ta\u015f\u0131mada e\u015fyalar\u0131n\u0131z\u0131 g\u00fcvenle, zaman\u0131nda ta\u015f\u0131r\u0131z. 81 \u0130le 7\/24 E\u015fyan\u0131z\u0131 Ta\u015f\u0131yoruz.<\/p>\n<\/div>\n\n\n\n<div class=\"wp-block-column is-layout-flow wp-block-column-is-layout-flow\">\n<figure class=\"wp-block-image size-full\" style=\"margin-bottom:24px\"><img loading=\"lazy\" decoding=\"async\" width=\"800\" height=\"600\" src=\"https:\/\/patronmiranevdenevenakliyat.com.tr\/wp-content\/uploads\/2025\/12\/evden-eve-nakliyat-_1_.webp\" alt=\"\" class=\"wp-image-16\" style=\"aspect-ratio:4\/3;object-fit:cover\" srcset=\"https:\/\/patronmiranevdenevenakliyat.com.tr\/wp-content\/uploads\/2025\/12\/evden-eve-nakliyat-_1_.webp 800w, https:\/\/patronmiranevdenevenakliyat.com.tr\/wp-content\/uploads\/2025\/12\/evden-eve-nakliyat-_1_-300x225.webp 300w, https:\/\/patronmiranevdenevenakliyat.com.tr\/wp-content\/uploads\/2025\/12\/evden-eve-nakliyat-_1_-768x576.webp 768w\" sizes=\"auto, (max-width: 800px) 100vw, 800px\" \/><\/figure>\n\n\n\n<h3 class=\"wp-block-heading\">Asans\u00f6rl\u00fc Ev Ta\u015f\u0131ma<\/h3>\n\n\n\n<p class=\"has-medium-font-size\">Asans\u00f6rl\u00fc ev ta\u015f\u0131mada e\u015fyalar\u0131n\u0131z\u0131 h\u0131zl\u0131, g\u00fcvenli ve sorunsuz \u015fekilde ta\u015f\u0131r\u0131z. Y\u00fcksek katlarda H\u0131zl\u0131 Ev ta\u015f\u0131man\u0131n Adresi.<\/p>\n<\/div>\n<\/div>\n<\/div>\n\n\n\n<div class=\"wp-block-group alignfull has-global-padding is-layout-constrained wp-container-core-group-is-layout-4651deb1 wp-block-group-is-layout-constrained\" style=\"margin-top:0;margin-bottom:0;padding-top:var(--wp--preset--spacing--70);padding-bottom:var(--wp--preset--spacing--70)\">\n<div class=\"wp-block-columns alignwide is-layout-flex wp-container-core-columns-is-layout-08a2a807 wp-block-columns-is-layout-flex\">\n<div class=\"wp-block-column is-vertically-aligned-center is-layout-flow wp-block-column-is-layout-flow\">\n<h2 class=\"wp-block-heading has-xx-large-font-size\">Patron Miran ile Ta\u015f\u0131n\u0131n<\/h2>\n\n\n\n<ul style=\"margin-top:var(--wp--preset--spacing--40);margin-bottom:var(--wp--preset--spacing--40);padding-left:var(--wp--preset--spacing--30)\" class=\"wp-block-list is-style-checkmark-list\">\n<li class=\"has-medium-font-size\">Patron Miran ile ta\u015f\u0131n\u0131rken e\u015fyalar\u0131n\u0131za kendi e\u015fyam\u0131z gibi \u00f6zen g\u00f6steririz.<\/li>\n\n\n\n<li class=\"has-medium-font-size\">S\u00f6z verdi\u011fimiz g\u00fcn ve saatte gelir, i\u015fi uzatmadan tamamlar\u0131z.<\/li>\n\n\n\n<li class=\"has-medium-font-size\">Her ta\u015f\u0131ma i\u015fini planl\u0131, d\u00fczenli ve g\u00fcvenli \u015fekilde yapar\u0131z.<\/li>\n\n\n\n<li class=\"has-medium-font-size\">a\u015f\u0131nma s\u00fcrecinde sizi yormadan, her a\u015famada destek oluruz.<\/li>\n\n\n\n<li class=\"has-medium-font-size\">Memnuniyetinizi her zaman kazanc\u0131m\u0131z\u0131n \u00f6n\u00fcnde tutar\u0131z.<\/li>\n<\/ul>\n\n\n\n<div class=\"wp-block-buttons is-content-justification-left is-nowrap is-layout-flex wp-container-core-buttons-is-layout-92e17da2 wp-block-buttons-is-layout-flex\">\n<div class=\"wp-block-button is-style-fill\"><a class=\"wp-block-button__link wp-element-button\">Ev Ta\u015f\u0131ma Firmas\u0131<\/a><\/div>\n\n\n\n<div class=\"wp-block-button is-style-outline is-style-outline--4\"><a class=\"wp-block-button__link wp-element-button\">Hemen Aray\u0131n<\/a><\/div>\n<\/div>\n\n\n\n<p class=\"has-small-font-size\">\u015eimdi Ta\u015f\u0131yoruz. 15 Y\u0131ld\u0131r Ta\u015f\u0131yoruz<\/p>\n<\/div>\n\n\n\n<div class=\"wp-block-column is-vertically-aligned-center is-layout-flow wp-block-column-is-layout-flow\">\n<figure class=\"wp-block-image size-full\"><img loading=\"lazy\" decoding=\"async\" width=\"427\" height=\"320\" src=\"https:\/\/patronmiranevdenevenakliyat.com.tr\/wp-content\/uploads\/2025\/12\/i.webp\" alt=\"\" class=\"wp-image-20\" srcset=\"https:\/\/patronmiranevdenevenakliyat.com.tr\/wp-content\/uploads\/2025\/12\/i.webp 427w, https:\/\/patronmiranevdenevenakliyat.com.tr\/wp-content\/uploads\/2025\/12\/i-300x225.webp 300w\" sizes=\"auto, (max-width: 427px) 100vw, 427px\" \/><\/figure>\n<\/div>\n<\/div>\n<\/div>\n\n\n\n<div class=\"wp-block-group alignfull has-global-padding is-layout-constrained wp-block-group-is-layout-constrained\" style=\"margin-top:0;margin-bottom:0\">\n<div class=\"wp-block-group alignwide is-layout-flow wp-container-core-group-is-layout-d58a0413 wp-block-group-is-layout-flow\" style=\"padding-top:var(--wp--preset--spacing--50);padding-bottom:var(--wp--preset--spacing--50)\">\n<h2 class=\"wp-block-heading has-x-large-font-size\">S\u0131k\u00e7a Sorulan Sorular<\/h2>\n\n\n\n<div class=\"wp-block-columns is-layout-flex wp-container-core-columns-is-layout-cbe57604 wp-block-columns-is-layout-flex\">\n<div class=\"wp-block-column is-layout-flow wp-block-column-is-layout-flow\">\n<div class=\"wp-block-group is-layout-flow wp-block-group-is-layout-flow\" style=\"border-top-color:var(--wp--preset--color--accent-6);border-top-width:1px;padding-top:var(--wp--preset--spacing--30);padding-bottom:var(--wp--preset--spacing--30)\">\n<h3 class=\"wp-block-heading\">Ta\u015f\u0131nma g\u00fcn\u00fc e\u015fyalar\u0131m\u0131 nas\u0131l paketliyorsunuz?<\/h3>\n\n\n\n<p>E\u015fyalar\u0131n\u0131z\u0131 t\u00fcr\u00fcne g\u00f6re \u00f6zenle paketler, k\u0131r\u0131lacak e\u015fyalar\u0131 \u00f6zel ambalajlarla koruruz.<\/p>\n<\/div>\n<\/div>\n\n\n\n<div class=\"wp-block-column is-layout-flow wp-block-column-is-layout-flow\">\n<div class=\"wp-block-group is-layout-flow wp-block-group-is-layout-flow\" style=\"border-top-color:var(--wp--preset--color--accent-6);border-top-width:1px;padding-top:var(--wp--preset--spacing--30);padding-bottom:var(--wp--preset--spacing--30)\">\n<h3 class=\"wp-block-heading\">\u015eehirler aras\u0131 ta\u015f\u0131mada teslimat s\u00fcresi ne kadar s\u00fcrer?<\/h3>\n\n\n\n<p>Mesafeye g\u00f6re de\u011fi\u015fmekle birlikte e\u015fyalar\u0131n\u0131z\u0131 s\u00f6z verdi\u011fimiz s\u00fcrede teslim ederiz.<\/p>\n<\/div>\n<\/div>\n<\/div>\n\n\n\n<div class=\"wp-block-columns is-layout-flex wp-container-core-columns-is-layout-cbe57604 wp-block-columns-is-layout-flex\">\n<div class=\"wp-block-column is-layout-flow wp-block-column-is-layout-flow\">\n<div class=\"wp-block-group is-layout-flow wp-block-group-is-layout-flow\" style=\"border-top-color:var(--wp--preset--color--accent-6);border-top-width:1px;padding-top:var(--wp--preset--spacing--30);padding-bottom:var(--wp--preset--spacing--30)\">\n<h3 class=\"wp-block-heading\">Asans\u00f6rl\u00fc ta\u015f\u0131ma her binada yap\u0131labiliyor mu?<\/h3>\n\n\n\n<p>inan\u0131n \u00e7evre ko\u015fullar\u0131 uygunsa asans\u00f6rl\u00fc ta\u015f\u0131ma sorunsuz \u015fekilde yap\u0131l\u0131r.<\/p>\n<\/div>\n<\/div>\n\n\n\n<div class=\"wp-block-column is-layout-flow wp-block-column-is-layout-flow\">\n<div class=\"wp-block-group is-layout-flow wp-block-group-is-layout-flow\" style=\"border-top-color:var(--wp--preset--color--accent-6);border-top-width:1px;padding-top:var(--wp--preset--spacing--30);padding-bottom:var(--wp--preset--spacing--30)\">\n<h3 class=\"wp-block-heading\">Ta\u015f\u0131ma s\u0131ras\u0131nda e\u015fyalar\u0131m zarar g\u00f6r\u00fcrse ne olur?<\/h3>\n\n\n\n<p>Nadir de olsa bir sorun ya\u015fan\u0131rsa sorumlulu\u011fu al\u0131r, ma\u011fduriyetinizi gideririz.<\/p>\n<\/div>\n<\/div>\n<\/div>\n<\/div>\n<\/div>\n\n\n\n<hr class=\"wp-block-separator has-css-opacity is-style-default\"\/>\n\n\n\n<figure class=\"wp-block-image aligncenter size-large is-resized is-style-rounded\"><img decoding=\"async\" src=\"https:\/\/s.w.org\/images\/core\/5.8\/portrait.jpg\" alt=\"Russet renkli bo\u011fazl\u0131 kazak ve beyaz \u00e7antal\u0131 bir kad\u0131n\u0131n yandan profili. G\u00f6zleri kapal\u0131 yukar\u0131 bak\u0131yor.\" style=\"width:150px;height:150px\"\/><\/figure>\n\n\n\n<blockquote class=\"wp-block-quote has-text-align-center is-style-large is-layout-flow wp-block-quote-is-layout-flow\">\n<p>\u00c7ok Te\u015fekk\u00fcr Ederim. Sorunsuz Ta\u015f\u0131ma Yapt\u0131lar.<\/p>\n<cite>-Ay\u015fe \u00e7ak\u0131r<\/cite><\/blockquote>\n\n\n\n<hr class=\"wp-block-separator has-css-opacity is-style-default\"\/>\n\n\n\n<aside class=\"wp-block-group alignfull is-style-section-5 has-global-padding is-layout-constrained wp-container-core-group-is-layout-f0f2a97b wp-block-group-is-layout-constrained is-style-section-5--5\" style=\"margin-top:0;margin-bottom:0;padding-top:var(--wp--preset--spacing--50);padding-right:var(--wp--preset--spacing--50);padding-bottom:var(--wp--preset--spacing--50);padding-left:var(--wp--preset--spacing--50)\">\n<div class=\"wp-block-group is-vertical is-content-justification-center is-layout-flex wp-container-core-group-is-layout-8778ca4a wp-block-group-is-layout-flex\" style=\"min-height:360px;margin-top:0;margin-bottom:0\">\n<h2 class=\"wp-block-heading has-text-align-center has-xx-large-font-size\"><strong>G\u00fcvenle Ta\u015f\u0131n, Huzurla Yerle\u015f<\/strong><\/h2>\n\n\n\n<p class=\"has-text-align-center is-style-text-subtitle is-style-text-subtitle--6\">Ta\u015f\u0131nman\u0131n t\u00fcm y\u00fck\u00fcn\u00fc omuzlar\u0131n\u0131zdan al\u0131yor, e\u015fyalar\u0131n\u0131z\u0131 \u00f6zenle ta\u015f\u0131yarak yeni ba\u015flang\u0131c\u0131n\u0131z\u0131 sorunsuz ve rahat hale getiriyoruz.<\/p>\n\n\n\n<div style=\"height:0px\" aria-hidden=\"true\" class=\"wp-block-spacer wp-container-content-62aae154\"><\/div>\n\n\n\n<div class=\"wp-block-buttons is-content-justification-center is-layout-flex wp-container-core-buttons-is-layout-a89b3969 wp-block-buttons-is-layout-flex\">\n<div class=\"wp-block-button\"><a class=\"wp-block-button__link has-text-align-center wp-element-button\">Hemen Aray\u0131n<\/a><\/div>\n<\/div>\n<\/div>\n<\/aside>\n","protected":false},"excerpt":{"rendered":"<p>Patron Miran Evden Eve Nakliyat \u0130stanbul da evden eve nakliyat hizmetimiz, e\u015fyalar\u0131n\u0131z\u0131 g\u00fcvenle, h\u0131zl\u0131 ve profesyonel \u015fekilde yeni adresinize ta\u015f\u0131yarak ta\u015f\u0131nma s\u00fcrecinizi zahmetsiz hale getirir. Profesyonel Ev Ta\u015f\u0131ma Profesyonel ev ta\u015f\u0131ma hizmetimizle e\u015fyalar\u0131n\u0131z g\u00fcvenle paketlenir, zaman\u0131nda ta\u015f\u0131n\u0131r ve yeni hayat\u0131n\u0131za stressiz ba\u015flang\u0131\u00e7 yapars\u0131n\u0131z, kalite ve m\u00fc\u015fteri memnuniyeti sunar. Hizmetlerimiz \u015eehiri\u00e7i Evden eve \u015eehiri\u00e7i evden eve [&hellip;]<\/p>\n","protected":false},"author":1,"featured_media":0,"parent":0,"menu_order":0,"comment_status":"closed","ping_status":"closed","template":"","meta":{"footnotes":""},"class_list":["post-5","page","type-page","status-publish","hentry"],"_links":{"self":[{"href":"https:\/\/patronmiranevdenevenakliyat.com.tr\/index.php?rest_route=\/wp\/v2\/pages\/5","targetHints":{"allow":["GET"]}}],"collection":[{"href":"https:\/\/patronmiranevdenevenakliyat.com.tr\/index.php?rest_route=\/wp\/v2\/pages"}],"about":[{"href":"https:\/\/patronmiranevdenevenakliyat.com.tr\/index.php?rest_route=\/wp\/v2\/types\/page"}],"author":[{"embeddable":true,"href":"https:\/\/patronmiranevdenevenakliyat.com.tr\/index.php?rest_route=\/wp\/v2\/users\/1"}],"replies":[{"embeddable":true,"href":"https:\/\/patronmiranevdenevenakliyat.com.tr\/index.php?rest_route=%2Fwp%2Fv2%2Fcomments&post=5"}],"version-history":[{"count":12,"href":"https:\/\/patronmiranevdenevenakliyat.com.tr\/index.php?rest_route=\/wp\/v2\/pages\/5\/revisions"}],"predecessor-version":[{"id":24,"href":"https:\/\/patronmiranevdenevenakliyat.com.tr\/index.php?rest_route=\/wp\/v2\/pages\/5\/revisions\/24"}],"wp:attachment":[{"href":"https:\/\/patronmiranevdenevenakliyat.com.tr\/index.php?rest_route=%2Fwp%2Fv2%2Fmedia&parent=5"}],"curies":[{"name":"wp","href":"https:\/\/api.w.org\/{rel}","templated":true}]}}