{"id":29,"date":"2025-12-16T05:58:16","date_gmt":"2025-12-16T05:58:16","guid":{"rendered":"https:\/\/patronmiranevdenevenakliyat.com.tr\/?page_id=29"},"modified":"2025-12-16T05:58:23","modified_gmt":"2025-12-16T05:58:23","slug":"iletisim","status":"publish","type":"page","link":"https:\/\/patronmiranevdenevenakliyat.com.tr\/?page_id=29","title":{"rendered":"\u0130leti\u015fim"},"content":{"rendered":"\n<div class=\"wp-block-cover alignfull is-light has-contrast-color has-text-color has-link-color wp-elements-d782b18a3b2e3bb49c53c2dc42c36d3e\" style=\"margin-top:0;margin-bottom:0;padding-top:var(--wp--preset--spacing--60);padding-right:var(--wp--preset--spacing--50);padding-bottom:var(--wp--preset--spacing--60);padding-left:var(--wp--preset--spacing--50)\"><span aria-hidden=\"true\" class=\"wp-block-cover__background has-base-background-color has-background-dim-100 has-background-dim\"><\/span><div class=\"wp-block-cover__inner-container has-global-padding is-layout-constrained wp-container-core-cover-is-layout-873ee6b1 wp-block-cover-is-layout-constrained\">\n<div class=\"wp-block-columns alignwide is-layout-flex wp-container-core-columns-is-layout-7ee84d44 wp-block-columns-is-layout-flex\">\n<div class=\"wp-block-column is-layout-flow wp-block-column-is-layout-flow\" style=\"flex-basis:65%\">\n<div class=\"wp-block-group is-vertical is-content-justification-stretch is-layout-flex wp-container-core-group-is-layout-353c4f5a wp-block-group-is-layout-flex\">\n<h2 class=\"wp-block-heading has-text-align-left\" style=\"font-size:clamp(1.93rem, 1.93rem + ((1vw - 0.2rem) * 2.306), 3.4rem);font-style:normal;font-weight:300;letter-spacing:-0.03em;line-height:1.4\">Hemen Aray\u0131n<\/h2>\n\n\n\n<p class=\"is-style-text-subtitle is-style-text-subtitle--1\">Tel : <a href=\"tel:05393687695\">05393687695<\/a><\/p>\n\n\n\n<p>Adres : \u0130stanbul<\/p>\n\n\n\n<p>Hemen aray\u0131n, ta\u015f\u0131nma plan\u0131n\u0131z\u0131 h\u0131zl\u0131ca olu\u015fturun, e\u015fyalar\u0131n\u0131z\u0131 g\u00fcvenle ta\u015f\u0131yal\u0131m, stressiz ve sorunsuz yeni adresinize yerle\u015fin.<\/p>\n<\/div>\n<\/div>\n\n\n\n<div class=\"wp-block-column is-layout-flow wp-block-column-is-layout-flow\" style=\"flex-basis:35%\">\n<div class=\"wp-block-group is-vertical is-content-justification-stretch is-nowrap is-layout-flex wp-container-core-group-is-layout-73b0033c wp-block-group-is-layout-flex\">\n<figure class=\"wp-block-image size-full\"><img loading=\"lazy\" decoding=\"async\" width=\"1014\" height=\"800\" src=\"https:\/\/patronmiranevdenevenakliyat.com.tr\/wp-content\/uploads\/2025\/12\/patron-miran-evden-eve.webp\" alt=\"\" class=\"wp-image-7\" style=\"aspect-ratio:3\/4;object-fit:cover\" srcset=\"https:\/\/patronmiranevdenevenakliyat.com.tr\/wp-content\/uploads\/2025\/12\/patron-miran-evden-eve.webp 1014w, https:\/\/patronmiranevdenevenakliyat.com.tr\/wp-content\/uploads\/2025\/12\/patron-miran-evden-eve-300x237.webp 300w, https:\/\/patronmiranevdenevenakliyat.com.tr\/wp-content\/uploads\/2025\/12\/patron-miran-evden-eve-768x606.webp 768w\" sizes=\"auto, (max-width: 1014px) 100vw, 1014px\" \/><\/figure>\n\n\n\n<p class=\"has-text-align-right has-x-large-font-size\" style=\"line-height:1.2\"><a href=\"#\">Instagram<\/a><br><a href=\"#\">LinkedIn<\/a><br><a href=\"#\">Now<\/a><\/p>\n<\/div>\n<\/div>\n<\/div>\n<\/div><\/div>\n","protected":false},"excerpt":{"rendered":"","protected":false},"author":1,"featured_media":0,"parent":0,"menu_order":0,"comment_status":"closed","ping_status":"closed","template":"","meta":{"footnotes":""},"class_list":["post-29","page","type-page","status-publish","hentry"],"_links":{"self":[{"href":"https:\/\/patronmiranevdenevenakliyat.com.tr\/index.php?rest_route=\/wp\/v2\/pages\/29","targetHints":{"allow":["GET"]}}],"collection":[{"href":"https:\/\/patronmiranevdenevenakliyat.com.tr\/index.php?rest_route=\/wp\/v2\/pages"}],"about":[{"href":"https:\/\/patronmiranevdenevenakliyat.com.tr\/index.php?rest_route=\/wp\/v2\/types\/page"}],"author":[{"embeddable":true,"href":"https:\/\/patronmiranevdenevenakliyat.com.tr\/index.php?rest_route=\/wp\/v2\/users\/1"}],"replies":[{"embeddable":true,"href":"https:\/\/patronmiranevdenevenakliyat.com.tr\/index.php?rest_route=%2Fwp%2Fv2%2Fcomments&post=29"}],"version-history":[{"count":2,"href":"https:\/\/patronmiranevdenevenakliyat.com.tr\/index.php?rest_route=\/wp\/v2\/pages\/29\/revisions"}],"predecessor-version":[{"id":31,"href":"https:\/\/patronmiranevdenevenakliyat.com.tr\/index.php?rest_route=\/wp\/v2\/pages\/29\/revisions\/31"}],"wp:attachment":[{"href":"https:\/\/patronmiranevdenevenakliyat.com.tr\/index.php?rest_route=%2Fwp%2Fv2%2Fmedia&parent=29"}],"curies":[{"name":"wp","href":"https:\/\/api.w.org\/{rel}","templated":true}]}}