{"id":26,"date":"2025-12-16T05:55:44","date_gmt":"2025-12-16T05:55:44","guid":{"rendered":"https:\/\/patronmiranevdenevenakliyat.com.tr\/?page_id=26"},"modified":"2025-12-16T05:55:53","modified_gmt":"2025-12-16T05:55:53","slug":"hakkimizda","status":"publish","type":"page","link":"https:\/\/patronmiranevdenevenakliyat.com.tr\/?page_id=26","title":{"rendered":"Hakk\u0131m\u0131zda"},"content":{"rendered":"\n<div class=\"wp-block-cover alignfull is-light has-contrast-color has-text-color has-link-color wp-elements-faadd8057d71962e8166fd7065d08838\" style=\"margin-top:0;margin-bottom:0;padding-top:var(--wp--preset--spacing--60);padding-right:var(--wp--preset--spacing--50);padding-bottom:var(--wp--preset--spacing--60);padding-left:var(--wp--preset--spacing--50)\"><span aria-hidden=\"true\" class=\"wp-block-cover__background has-base-background-color has-background-dim-100 has-background-dim\"><\/span><div class=\"wp-block-cover__inner-container has-global-padding is-layout-constrained wp-container-core-cover-is-layout-873ee6b1 wp-block-cover-is-layout-constrained\">\n<div class=\"wp-block-columns alignwide is-layout-flex wp-container-core-columns-is-layout-7ee84d44 wp-block-columns-is-layout-flex\">\n<div class=\"wp-block-column is-layout-flow wp-block-column-is-layout-flow\" style=\"flex-basis:65%\">\n<div class=\"wp-block-group is-vertical is-content-justification-stretch is-layout-flex wp-container-core-group-is-layout-353c4f5a wp-block-group-is-layout-flex\">\n<h2 class=\"wp-block-heading has-text-align-left\" style=\"font-size:clamp(2.244rem, 2.244rem + ((1vw - 0.2rem) * 2.911), 4.1rem);font-style:normal;font-weight:300;letter-spacing:-0.03em;line-height:1.4\">Patron Miran Evden Eve<\/h2>\n\n\n\n<hr class=\"wp-block-separator has-alpha-channel-opacity\"\/>\n\n\n\n<p><strong>1. G\u00fcven ve \u00d6zen<\/strong><br>Patron Miran Evden Eve olarak, e\u015fyalar\u0131n\u0131z\u0131 ta\u015f\u0131rken her birini titizlikle paketliyor ve zarar g\u00f6rmemesi i\u00e7in \u00f6zen g\u00f6steriyoruz. M\u00fc\u015fterilerimizin g\u00fcveni bizim \u00f6nceli\u011fimizdir; ta\u015f\u0131nma s\u00fcrecinde her ad\u0131m\u0131 dikkatle planlayarak sorunsuz ve stressiz bir deneyim sunuyoruz.<\/p>\n\n\n\n<p><strong>2. Profesyonel Hizmet<\/strong><br>Deneyimli ve e\u011fitimli ekibimiz, modern ekipmanlarla ta\u015f\u0131nma s\u00fcrecini h\u0131zl\u0131, d\u00fczenli ve g\u00fcvenli \u015fekilde y\u00fcr\u00fct\u00fcr. Ta\u015f\u0131ma s\u0131ras\u0131nda her ayr\u0131nt\u0131y\u0131 g\u00f6z \u00f6n\u00fcnde bulundurur, planl\u0131 \u00e7al\u0131\u015farak zaman kayb\u0131n\u0131 \u00f6nler ve m\u00fc\u015fterilerimize profesyonel bir ta\u015f\u0131nma deneyimi ya\u015fat\u0131r\u0131z.<\/p>\n\n\n\n<p><strong>3. M\u00fc\u015fteri Memnuniyeti<\/strong><br>Bizim i\u00e7in her ta\u015f\u0131nma, m\u00fc\u015fterilerimizin memnuniyetini sa\u011flamaya y\u00f6nelik bir s\u00fcre\u00e7tir. Taleplerinizi dikkatle dinler, \u00f6zel ihtiya\u00e7lar\u0131n\u0131za uygun \u00e7\u00f6z\u00fcmler sunar\u0131z. Amac\u0131m\u0131z, ta\u015f\u0131nmay\u0131 sadece bir hizmet de\u011fil, m\u00fc\u015fterilerimizin rahat ve stressiz bir \u015fekilde yeni hayatlar\u0131na ba\u015flamalar\u0131 i\u00e7in keyifli bir deneyim haline getirmektir.<\/p>\n\n\n\n<p><strong>4. Esnek ve \u00c7\u00f6z\u00fcm Odakl\u0131<\/strong><br>\u015eehir i\u00e7i, \u015fehirler aras\u0131 veya asans\u00f6rl\u00fc ta\u015f\u0131mada kar\u015f\u0131la\u015fabilece\u011finiz t\u00fcm zorluklara pratik ve etkili \u00e7\u00f6z\u00fcmler sunar\u0131z. Ekip olarak esnek bir yakla\u015f\u0131m benimser, her duruma uyum sa\u011flayarak, ta\u015f\u0131nma s\u00fcrecinin h\u0131zl\u0131, g\u00fcvenli ve sorunsuz ilerlemesini garanti ederiz.<\/p>\n\n\n\n<hr class=\"wp-block-separator has-alpha-channel-opacity\"\/>\n<\/div>\n<\/div>\n\n\n\n<div class=\"wp-block-column is-layout-flow wp-block-column-is-layout-flow\" style=\"flex-basis:35%\">\n<div class=\"wp-block-group is-vertical is-content-justification-stretch is-nowrap is-layout-flex wp-container-core-group-is-layout-73b0033c wp-block-group-is-layout-flex\">\n<figure class=\"wp-block-image size-full\"><img loading=\"lazy\" decoding=\"async\" width=\"1014\" height=\"800\" src=\"https:\/\/patronmiranevdenevenakliyat.com.tr\/wp-content\/uploads\/2025\/12\/patron-miran-evden-eve.webp\" alt=\"\" class=\"wp-image-7\" style=\"aspect-ratio:3\/4;object-fit:cover\" srcset=\"https:\/\/patronmiranevdenevenakliyat.com.tr\/wp-content\/uploads\/2025\/12\/patron-miran-evden-eve.webp 1014w, https:\/\/patronmiranevdenevenakliyat.com.tr\/wp-content\/uploads\/2025\/12\/patron-miran-evden-eve-300x237.webp 300w, https:\/\/patronmiranevdenevenakliyat.com.tr\/wp-content\/uploads\/2025\/12\/patron-miran-evden-eve-768x606.webp 768w\" sizes=\"auto, (max-width: 1014px) 100vw, 1014px\" \/><\/figure>\n\n\n\n<p class=\"has-text-align-right has-x-large-font-size\" style=\"line-height:1.2\"><a href=\"#\">Instagram<\/a><br><a href=\"#\">LinkedIn<\/a><br><a href=\"#\">Now<\/a><\/p>\n<\/div>\n<\/div>\n<\/div>\n<\/div><\/div>\n","protected":false},"excerpt":{"rendered":"","protected":false},"author":1,"featured_media":0,"parent":0,"menu_order":0,"comment_status":"closed","ping_status":"closed","template":"","meta":{"footnotes":""},"class_list":["post-26","page","type-page","status-publish","hentry"],"_links":{"self":[{"href":"https:\/\/patronmiranevdenevenakliyat.com.tr\/index.php?rest_route=\/wp\/v2\/pages\/26","targetHints":{"allow":["GET"]}}],"collection":[{"href":"https:\/\/patronmiranevdenevenakliyat.com.tr\/index.php?rest_route=\/wp\/v2\/pages"}],"about":[{"href":"https:\/\/patronmiranevdenevenakliyat.com.tr\/index.php?rest_route=\/wp\/v2\/types\/page"}],"author":[{"embeddable":true,"href":"https:\/\/patronmiranevdenevenakliyat.com.tr\/index.php?rest_route=\/wp\/v2\/users\/1"}],"replies":[{"embeddable":true,"href":"https:\/\/patronmiranevdenevenakliyat.com.tr\/index.php?rest_route=%2Fwp%2Fv2%2Fcomments&post=26"}],"version-history":[{"count":2,"href":"https:\/\/patronmiranevdenevenakliyat.com.tr\/index.php?rest_route=\/wp\/v2\/pages\/26\/revisions"}],"predecessor-version":[{"id":28,"href":"https:\/\/patronmiranevdenevenakliyat.com.tr\/index.php?rest_route=\/wp\/v2\/pages\/26\/revisions\/28"}],"wp:attachment":[{"href":"https:\/\/patronmiranevdenevenakliyat.com.tr\/index.php?rest_route=%2Fwp%2Fv2%2Fmedia&parent=26"}],"curies":[{"name":"wp","href":"https:\/\/api.w.org\/{rel}","templated":true}]}}